{"id":13388,"date":"2016-06-21T23:57:40","date_gmt":"2016-06-22T03:57:40","guid":{"rendered":"https:\/\/www.avantage-plus.com\/en\/?page_id=13388"},"modified":"2017-05-04T15:10:33","modified_gmt":"2017-05-04T19:10:33","slug":"licenses-and-certifications","status":"publish","type":"page","link":"https:\/\/avantage-plus.com\/en\/licenses-and-certifications\/","title":{"rendered":"Licenses and Certifications"},"content":{"rendered":"<div class=\"wpb-content-wrapper\"><p>[vc_row row_height_percent=&#8221;0&#8243; override_padding=&#8221;yes&#8221; h_padding=&#8221;2&#8243; top_padding=&#8221;2&#8243; bottom_padding=&#8221;0&#8243; overlay_alpha=&#8221;50&#8243; gutter_size=&#8221;3&#8243; shift_y=&#8221;0&#8243;][vc_column width=&#8221;1\/1&#8243;][vc_column_text]<div class=\"lshowcase-clear-both\">&nbsp;<\/div><div class=\"lshowcase-logos\"><div  ><div class='lshowcase-wrap-normal'><div class=\"lshowcase-box-normal\"><div class=\"lshowcase-boxInner-normal\" style=\"width:172px; align:center; text-align:center;\"><img loading=\"lazy\" src='https:\/\/avantage-plus.com\/wp-content\/uploads\/2018\/08\/rbq-164x122.jpg' width='164'  alt='R\u00e9gie du b\u00e2timent du Qu\u00e9bec' title='RBQ #8324-9524-58' class='lshowcase-normal lshowcase-tooltip' \/><\/div><\/div><\/div><div class='lshowcase-wrap-normal'><div class=\"lshowcase-box-normal\"><div class=\"lshowcase-boxInner-normal\" style=\"width:172px; align:center; text-align:center;\"><img loading=\"lazy\" src='https:\/\/avantage-plus.com\/wp-content\/uploads\/2018\/08\/cegq-164x122.jpg' width='164'  alt='Corporation des entrepreneurs g\u00e9n\u00e9raux du Qu\u00e9bec' title='Corporation des entrepreneurs g\u00e9n\u00e9raux du Qu\u00e9bec' class='lshowcase-normal lshowcase-tooltip' \/><\/div><\/div><\/div><div class='lshowcase-wrap-normal'><div class=\"lshowcase-box-normal\"><div class=\"lshowcase-boxInner-normal\" style=\"width:172px; align:center; text-align:center;\"><img loading=\"lazy\" src='https:\/\/avantage-plus.com\/wp-content\/uploads\/2018\/08\/gcr-164x122.jpg' width='164'  alt='Garantie construction r\u00e9sidentielle' title='Garantie construction r\u00e9sidentielle' class='lshowcase-normal lshowcase-tooltip' \/><\/div><\/div><\/div><div class='lshowcase-wrap-normal'><div class=\"lshowcase-box-normal\"><div class=\"lshowcase-boxInner-normal\" style=\"width:172px; align:center; text-align:center;\"><img loading=\"lazy\" src='https:\/\/avantage-plus.com\/wp-content\/uploads\/2018\/08\/ccq-164x122.jpg' width='164'  alt='Commission de la construction du qu\u00e9bec' title='Commission de la construction du qu\u00e9bec' class='lshowcase-normal lshowcase-tooltip' \/><\/div><\/div><\/div><div class='lshowcase-wrap-normal'><div class=\"lshowcase-box-normal\"><div class=\"lshowcase-boxInner-normal\" style=\"width:172px; align:center; text-align:center;\"><img loading=\"lazy\" src='https:\/\/avantage-plus.com\/wp-content\/uploads\/2018\/11\/logo-acq-117x122.jpg' width='117'  alt='Licence ACQ' title='ACQ' class='lshowcase-normal lshowcase-tooltip' \/><\/div><\/div><\/div><\/div><\/div><div class=\"lshowcase-clear-both\">&nbsp;<\/div><br \/>\n[\/vc_column_text][\/vc_column][\/vc_row][vc_row row_height_percent=&#8221;0&#8243; override_padding=&#8221;yes&#8221; h_padding=&#8221;2&#8243; top_padding=&#8221;0&#8243; bottom_padding=&#8221;2&#8243; overlay_alpha=&#8221;50&#8243; gutter_size=&#8221;3&#8243; shift_y=&#8221;0&#8243; css=&#8221;.vc_custom_1457321614460{padding-top: 72px !important;}&#8221;][vc_column][vc_column_text]<\/p>\n<h3>R\u00e9gie du b\u00e2timent du Qu\u00e9bec | RBQ #8324-9524-58<\/h3>\n<p>The Building Act requires all contractors to hold the appropriate license issued by the R\u00e9gie du b\u00e2timent (RBQ). The RBQ verifies knowledge and skills through examinations and makes sure that contractors are solvent. In accordance with the Act, AVANTAGE-PLUS INC. holds a general contractor license that allows it to perform work in all categories of general renovation.<\/p>\n<h3>Association provinciale des constructeurs d&#8217;habitation du Qu\u00e9bec inc.<\/h3>\n<p>This certification allows A+ to offer the APCHQ Renovation Guarantee program. The Renovation Guarantee program is the most recognized guarantee program by financial institutions, the Canadian Mortgage and Housing Corporation, the Soci\u00e9t\u00e9 d\u2019habitation du Qu\u00e9bec and consumers themselves.<\/p>\n<h3>APCHQ &#8211; R\u00e9no Maitre<\/h3>\n<p>The APCHQ (Quebec provincial home builders association) symbol of excellence is awarded to contractors that set themselves apart through the quality of their work and the services they provide to customers. R\u00e9no-Ma\u00eetre is a certification granted by the APCHQ to companies that have stood out for their professionalism over the years. AVANTAGE-PLUS has R\u00e9no-Ma\u00eetre certification.<\/p>\n<h3>Commission de la construction du Qu\u00e9bec<\/h3>\n<p>Created in 1987, the Commission de la construction du Qu\u00e9bec (CCQ) is responsible for administering the Act Respecting Labour Relations, Vocational Training and Workforce Management in the Construction Industry (Act R-20), which governs this industry.<\/p>\n<h3>Residential building guarantee<\/h3>\n<p>Officially authorized by the Board of Directors of the R\u00e9gie du b\u00e2timent du Qu\u00e9bec (RBQ) on July 3, 2014, the residential building guarantee (GCR) program is run by an independent non-profit organization mandated to administer the new residential building guarantee program for all of Quebec. The mission of the GCR is to protect the interests of new home and condominium buyers, reduce the number of claims by improving the quality of buildings and ensure sound management of the risks associated with the coverage offered.[\/vc_column_text][\/vc_column][\/vc_row]<\/p>\n<\/div>","protected":false},"excerpt":{"rendered":"<p>[vc_row row_height_percent=&#8221;0&#8243; override_padding=&#8221;yes&#8221; h_padding=&#8221;2&#8243; top_padding=&#8221;2&#8243; bottom_padding=&#8221;0&#8243; overlay_alpha=&#8221;50&#8243; gutter_size=&#8221;3&#8243; shift_y=&#8221;0&#8243;][vc_column width=&#8221;1\/1&#8243;][vc_column_text] [\/vc_column_text][\/vc_column][\/vc_row][vc_row row_height_percent=&#8221;0&#8243; override_padding=&#8221;yes&#8221; h_padding=&#8221;2&#8243; top_padding=&#8221;0&#8243; bottom_padding=&#8221;2&#8243; overlay_alpha=&#8221;50&#8243; gutter_size=&#8221;3&#8243; shift_y=&#8221;0&#8243; css=&#8221;.vc_custom_1457321614460{padding-top:<a class=\"moretag\" href=\"https:\/\/avantage-plus.com\/blogue\/lshowcase\/acq\/\"> Read the full article patate&#8230;<\/a><\/p>\n","protected":false},"author":5,"featured_media":0,"parent":0,"menu_order":0,"comment_status":"open","ping_status":"open","template":"","meta":{"_acf_changed":false,"footnotes":""},"class_list":["post-13388","page","type-page","status-publish","hentry"],"acf":[],"yoast_head":"<!-- This site is optimized with the Yoast SEO plugin v27.4 - https:\/\/yoast.com\/product\/yoast-seo-wordpress\/ -->\n<title>Licenses and Certifications - A+ General Contractors, construction and renovation in Montreal.<\/title>\n<meta name=\"description\" content=\"Presentation of A+ general contractor&#039;s licenses and certifications. The licenses and certifications are from 2012 to 2017.\" \/>\n<meta name=\"robots\" content=\"index, follow, max-snippet:-1, max-image-preview:large, max-video-preview:-1\" \/>\n<link rel=\"canonical\" href=\"https:\/\/avantage-plus.com\/en\/licenses-and-certifications\/\" \/>\n<meta property=\"og:locale\" content=\"en_US\" \/>\n<meta property=\"og:type\" content=\"article\" \/>\n<meta property=\"og:title\" content=\"Licenses and Certifications - A+ General Contractors, construction and renovation in Montreal.\" \/>\n<meta property=\"og:description\" content=\"Presentation of A+ general contractor&#039;s licenses and certifications. The licenses and certifications are from 2012 to 2017.\" \/>\n<meta property=\"og:url\" content=\"https:\/\/avantage-plus.com\/en\/licenses-and-certifications\/\" \/>\n<meta property=\"og:site_name\" content=\"A+\" \/>\n<meta property=\"article:publisher\" content=\"https:\/\/www.facebook.com\/avantageplus\/\" \/>\n<meta property=\"article:modified_time\" content=\"2017-05-04T19:10:33+00:00\" \/>\n<meta name=\"twitter:card\" content=\"summary_large_image\" \/>\n<meta name=\"twitter:label1\" content=\"Est. reading time\" \/>\n\t<meta name=\"twitter:data1\" content=\"2 minutes\" \/>\n<script type=\"application\/ld+json\" class=\"yoast-schema-graph\">{\"@context\":\"https:\\\/\\\/schema.org\",\"@graph\":[{\"@type\":\"WebPage\",\"@id\":\"https:\\\/\\\/avantage-plus.com\\\/en\\\/licenses-and-certifications\\\/\",\"url\":\"https:\\\/\\\/avantage-plus.com\\\/en\\\/licenses-and-certifications\\\/\",\"name\":\"Licenses and Certifications - A+ General Contractors, construction and renovation in Montreal.\",\"isPartOf\":{\"@id\":\"https:\\\/\\\/avantage-plus.com\\\/#website\"},\"datePublished\":\"2016-06-22T03:57:40+00:00\",\"dateModified\":\"2017-05-04T19:10:33+00:00\",\"description\":\"Presentation of A+ general contractor's licenses and certifications. The licenses and certifications are from 2012 to 2017.\",\"breadcrumb\":{\"@id\":\"https:\\\/\\\/avantage-plus.com\\\/en\\\/licenses-and-certifications\\\/#breadcrumb\"},\"inLanguage\":\"en-US\",\"potentialAction\":[{\"@type\":\"ReadAction\",\"target\":[\"https:\\\/\\\/avantage-plus.com\\\/en\\\/licenses-and-certifications\\\/\"]}]},{\"@type\":\"BreadcrumbList\",\"@id\":\"https:\\\/\\\/avantage-plus.com\\\/en\\\/licenses-and-certifications\\\/#breadcrumb\",\"itemListElement\":[{\"@type\":\"ListItem\",\"position\":1,\"name\":\"Home\",\"item\":\"https:\\\/\\\/avantage-plus.com\\\/en\\\/\"},{\"@type\":\"ListItem\",\"position\":2,\"name\":\"Licenses and Certifications\"}]},{\"@type\":\"WebSite\",\"@id\":\"https:\\\/\\\/avantage-plus.com\\\/#website\",\"url\":\"https:\\\/\\\/avantage-plus.com\\\/\",\"name\":\"A+\",\"description\":\"Entreprise en construction\",\"potentialAction\":[{\"@type\":\"SearchAction\",\"target\":{\"@type\":\"EntryPoint\",\"urlTemplate\":\"https:\\\/\\\/avantage-plus.com\\\/?s={search_term_string}\"},\"query-input\":{\"@type\":\"PropertyValueSpecification\",\"valueRequired\":true,\"valueName\":\"search_term_string\"}}],\"inLanguage\":\"en-US\"}]}<\/script>\n<!-- \/ Yoast SEO plugin. -->","yoast_head_json":{"title":"Licenses and Certifications - A+ General Contractors, construction and renovation in Montreal.","description":"Presentation of A+ general contractor's licenses and certifications. The licenses and certifications are from 2012 to 2017.","robots":{"index":"index","follow":"follow","max-snippet":"max-snippet:-1","max-image-preview":"max-image-preview:large","max-video-preview":"max-video-preview:-1"},"canonical":"https:\/\/avantage-plus.com\/en\/licenses-and-certifications\/","og_locale":"en_US","og_type":"article","og_title":"Licenses and Certifications - A+ General Contractors, construction and renovation in Montreal.","og_description":"Presentation of A+ general contractor's licenses and certifications. The licenses and certifications are from 2012 to 2017.","og_url":"https:\/\/avantage-plus.com\/en\/licenses-and-certifications\/","og_site_name":"A+","article_publisher":"https:\/\/www.facebook.com\/avantageplus\/","article_modified_time":"2017-05-04T19:10:33+00:00","twitter_card":"summary_large_image","twitter_misc":{"Est. reading time":"2 minutes"},"schema":{"@context":"https:\/\/schema.org","@graph":[{"@type":"WebPage","@id":"https:\/\/avantage-plus.com\/en\/licenses-and-certifications\/","url":"https:\/\/avantage-plus.com\/en\/licenses-and-certifications\/","name":"Licenses and Certifications - A+ General Contractors, construction and renovation in Montreal.","isPartOf":{"@id":"https:\/\/avantage-plus.com\/#website"},"datePublished":"2016-06-22T03:57:40+00:00","dateModified":"2017-05-04T19:10:33+00:00","description":"Presentation of A+ general contractor's licenses and certifications. The licenses and certifications are from 2012 to 2017.","breadcrumb":{"@id":"https:\/\/avantage-plus.com\/en\/licenses-and-certifications\/#breadcrumb"},"inLanguage":"en-US","potentialAction":[{"@type":"ReadAction","target":["https:\/\/avantage-plus.com\/en\/licenses-and-certifications\/"]}]},{"@type":"BreadcrumbList","@id":"https:\/\/avantage-plus.com\/en\/licenses-and-certifications\/#breadcrumb","itemListElement":[{"@type":"ListItem","position":1,"name":"Home","item":"https:\/\/avantage-plus.com\/en\/"},{"@type":"ListItem","position":2,"name":"Licenses and Certifications"}]},{"@type":"WebSite","@id":"https:\/\/avantage-plus.com\/#website","url":"https:\/\/avantage-plus.com\/","name":"A+","description":"Entreprise en construction","potentialAction":[{"@type":"SearchAction","target":{"@type":"EntryPoint","urlTemplate":"https:\/\/avantage-plus.com\/?s={search_term_string}"},"query-input":{"@type":"PropertyValueSpecification","valueRequired":true,"valueName":"search_term_string"}}],"inLanguage":"en-US"}]}},"_links":{"self":[{"href":"https:\/\/avantage-plus.com\/en\/wp-json\/wp\/v2\/pages\/13388","targetHints":{"allow":["GET"]}}],"collection":[{"href":"https:\/\/avantage-plus.com\/en\/wp-json\/wp\/v2\/pages"}],"about":[{"href":"https:\/\/avantage-plus.com\/en\/wp-json\/wp\/v2\/types\/page"}],"author":[{"embeddable":true,"href":"https:\/\/avantage-plus.com\/en\/wp-json\/wp\/v2\/users\/5"}],"replies":[{"embeddable":true,"href":"https:\/\/avantage-plus.com\/en\/wp-json\/wp\/v2\/comments?post=13388"}],"version-history":[{"count":3,"href":"https:\/\/avantage-plus.com\/en\/wp-json\/wp\/v2\/pages\/13388\/revisions"}],"predecessor-version":[{"id":14321,"href":"https:\/\/avantage-plus.com\/en\/wp-json\/wp\/v2\/pages\/13388\/revisions\/14321"}],"wp:attachment":[{"href":"https:\/\/avantage-plus.com\/en\/wp-json\/wp\/v2\/media?parent=13388"}],"curies":[{"name":"wp","href":"https:\/\/api.w.org\/{rel}","templated":true}]}}