{"id":24286,"date":"2019-01-02T15:29:49","date_gmt":"2019-01-02T19:29:49","guid":{"rendered":"https:\/\/www.avantage-plus.com\/?page_id=24286"},"modified":"2019-01-08T09:08:03","modified_gmt":"2019-01-08T13:08:03","slug":"distinctions-and-licenses","status":"publish","type":"page","link":"https:\/\/avantage-plus.com\/en\/distinctions-and-licenses\/","title":{"rendered":"Distinctions and licenses"},"content":{"rendered":"<div class=\"wpb-content-wrapper\"><p>[vc_row][vc_column width=&#8221;1\/1&#8243;][vc_column_text]Not only have we won a number of awards for excellence in our industry, but we have also participated in prestigious projects that were recognized for their architecture and design. In 2018, Go Orthodontistes Clinic, a project that we built, won 3 Grands Prix du Design awards. We have all the licenses and certifications required to provide our services.[\/vc_column_text][\/vc_column][\/vc_row][vc_row][vc_column width=&#8221;1\/1&#8243;][vc_custom_heading]2018 distinctions<br \/>\n[\/vc_custom_heading][vc_column_text]<\/p>\n<div class=\"lshowcase-clear-both\">&nbsp;<\/div><div class=\"lshowcase-logos\"><div  ><div class='lshowcase-wrap-normal'><div class=\"lshowcase-box-normal\"><div class=\"lshowcase-boxInner-normal\" style=\"width:172px; align:center; text-align:center;\"><div><img loading=\"lazy\" style='display:block;' src='https:\/\/avantage-plus.com\/wp-content\/uploads\/2018\/08\/cegq-164x122.jpg' width='164'  alt='' title='Award of Excellence' class='lshowcase-normal' \/><span style='max-width:150px;display:inline-block;line-height:16px;'>Award of Excellence<\/span><\/div><\/div><\/div><\/div><div class='lshowcase-wrap-normal'><div class=\"lshowcase-box-normal\"><div class=\"lshowcase-boxInner-normal\" style=\"width:172px; align:center; text-align:center;\"><div><img loading=\"lazy\" style='display:block;' src='https:\/\/avantage-plus.com\/wp-content\/uploads\/2018\/10\/growth-500-164x122.jpg' width='164'  alt='' title='109th position' class='lshowcase-normal' \/><span style='max-width:150px;display:inline-block;line-height:16px;'>109th position<\/span><\/div><\/div><\/div><\/div><div class='lshowcase-wrap-normal'><div class=\"lshowcase-box-normal\"><div class=\"lshowcase-boxInner-normal\" style=\"width:172px; align:center; text-align:center;\"><div><img loading=\"lazy\" style='display:block;' src='https:\/\/avantage-plus.com\/wp-content\/uploads\/2018\/10\/leaders-de-la-croissance-2018-2-164x122.jpg' width='164'  alt='' title='17th position' class='lshowcase-normal' \/><span style='max-width:150px;display:inline-block;line-height:16px;'>17th position<\/span><\/div><\/div><\/div><\/div><\/div><\/div><div class=\"lshowcase-clear-both\">&nbsp;<\/div>\n<p>[\/vc_column_text][\/vc_column][\/vc_row][vc_row row_height_percent=&#8221;0&#8243; overlay_alpha=&#8221;50&#8243; gutter_size=&#8221;3&#8243; shift_y=&#8221;0&#8243; el_class=&#8221;row-distinctions&#8221;][vc_column width=&#8221;1\/1&#8243;][vc_custom_heading]2017 distinctions<br \/>\n[\/vc_custom_heading][vc_column_text]<\/p>\n<div class=\"lshowcase-clear-both\">&nbsp;<\/div><div class=\"lshowcase-logos\"><div  ><div class='lshowcase-wrap-normal'><div class=\"lshowcase-box-normal\"><div class=\"lshowcase-boxInner-normal\" style=\"width:172px; align:center; text-align:center;\"><div><img loading=\"lazy\" style='display:block;' src='https:\/\/avantage-plus.com\/wp-content\/uploads\/2018\/09\/profit-500-164x122.jpg' width='164'  alt='' title='122nd position' class='lshowcase-normal' \/><span style='max-width:150px;display:inline-block;line-height:16px;'>122nd position<\/span><\/div><\/div><\/div><\/div><div class='lshowcase-wrap-normal'><div class=\"lshowcase-box-normal\"><div class=\"lshowcase-boxInner-normal\" style=\"width:172px; align:center; text-align:center;\"><div><img loading=\"lazy\" style='display:block;' src='https:\/\/avantage-plus.com\/wp-content\/uploads\/2018\/09\/constructo-164x122.jpg' width='164'  alt='' title='Media coverage' class='lshowcase-normal' \/><span style='max-width:150px;display:inline-block;line-height:16px;'>Media coverage<\/span><\/div><\/div><\/div><\/div><div class='lshowcase-wrap-normal'><div class=\"lshowcase-box-normal\"><div class=\"lshowcase-boxInner-normal\" style=\"width:172px; align:center; text-align:center;\"><div><img loading=\"lazy\" style='display:block;' src='https:\/\/avantage-plus.com\/wp-content\/uploads\/2018\/09\/leaders-de-la-croissance-164x122.jpg' width='164'  alt='' title='18th position' class='lshowcase-normal' \/><span style='max-width:150px;display:inline-block;line-height:16px;'>18th position<\/span><\/div><\/div><\/div><\/div><div class='lshowcase-wrap-normal'><div class=\"lshowcase-box-normal\"><div class=\"lshowcase-boxInner-normal\" style=\"width:172px; align:center; text-align:center;\"><div><img loading=\"lazy\" style='display:block;' src='https:\/\/avantage-plus.com\/wp-content\/uploads\/2018\/08\/infopreneur-164x122.jpg' width='164'  alt='' title='Media coverage' class='lshowcase-normal' \/><span style='max-width:150px;display:inline-block;line-height:16px;'>Media coverage<\/span><\/div><\/div><\/div><\/div><\/div><\/div><div class=\"lshowcase-clear-both\">&nbsp;<\/div>\n<p>[\/vc_column_text][\/vc_column][\/vc_row][vc_row row_height_percent=&#8221;0&#8243; overlay_alpha=&#8221;50&#8243; gutter_size=&#8221;3&#8243; shift_y=&#8221;0&#8243; el_class=&#8221;row-distinctions&#8221;][vc_column width=&#8221;1\/1&#8243;][vc_custom_heading]2016 distinctions[\/vc_custom_heading][vc_row_inner][vc_column_inner width=&#8221;1\/6&#8243;][vc_column_text]<\/p>\n<div class=\"lshowcase-clear-both\">&nbsp;<\/div><div class=\"lshowcase-logos\"><div  ><div class='lshowcase-wrap-normal'><div class=\"lshowcase-box-normal\"><div class=\"lshowcase-boxInner-normal\" style=\"width:172px; align:center; text-align:center;\"><div><img loading=\"lazy\" style='display:block;' src='https:\/\/avantage-plus.com\/wp-content\/uploads\/2018\/09\/prix-domus-164x122.jpg' width='164'  alt='' title='Winner, renovations from $50,000 to $150,000' class='lshowcase-normal' \/><span style='max-width:150px;display:inline-block;line-height:16px;'>Winner, renovations from $50,000 to $150,000<\/span><\/div><\/div><\/div><\/div><div class='lshowcase-wrap-normal'><div class=\"lshowcase-box-normal\"><div class=\"lshowcase-boxInner-normal\" style=\"width:172px; align:center; text-align:center;\"><div><img loading=\"lazy\" style='display:block;' src='https:\/\/avantage-plus.com\/wp-content\/uploads\/2018\/09\/prix-domus-164x122.jpg' width='164'  alt='' title='Winner, Renovator of the Year' class='lshowcase-normal' \/><span style='max-width:150px;display:inline-block;line-height:16px;'>Winner, Renovator of the Year<\/span><\/div><\/div><\/div><\/div><div class='lshowcase-wrap-normal'><div class=\"lshowcase-box-normal\"><div class=\"lshowcase-boxInner-normal\" style=\"width:172px; align:center; text-align:center;\"><div><img loading=\"lazy\" style='display:block;' src='https:\/\/avantage-plus.com\/wp-content\/uploads\/2018\/09\/leaders-de-la-croissance-2016-164x122.jpg' width='164'  alt='' title='17th position' class='lshowcase-normal' \/><span style='max-width:150px;display:inline-block;line-height:16px;'>17th position<\/span><\/div><\/div><\/div><\/div><div class='lshowcase-wrap-normal'><div class=\"lshowcase-box-normal\"><div class=\"lshowcase-boxInner-normal\" style=\"width:172px; align:center; text-align:center;\"><div><img loading=\"lazy\" style='display:block;' src='https:\/\/avantage-plus.com\/wp-content\/uploads\/2018\/09\/profit-500-164x122.jpg' width='164'  alt='' title='110th position' class='lshowcase-normal' \/><span style='max-width:150px;display:inline-block;line-height:16px;'>110th position<\/span><\/div><\/div><\/div><\/div><\/div><\/div><div class=\"lshowcase-clear-both\">&nbsp;<\/div>\n<p>[\/vc_column_text][\/vc_column_inner][\/vc_row_inner][vc_custom_heading]Licenses and certifications[\/vc_custom_heading][vc_column_text]<\/p>\n<div class=\"lshowcase-clear-both\">&nbsp;<\/div><div class=\"lshowcase-logos\"><div  ><div class='lshowcase-wrap-normal'><div class=\"lshowcase-box-normal\"><div class=\"lshowcase-boxInner-normal\" style=\"width:172px; align:center; text-align:center;\"><img loading=\"lazy\" src='https:\/\/avantage-plus.com\/wp-content\/uploads\/2018\/08\/gcr-164x122.jpg' width='164'  alt='' title='Residential building guarantee' class='lshowcase-normal lshowcase-tooltip' \/><\/div><\/div><\/div><div class='lshowcase-wrap-normal'><div class=\"lshowcase-box-normal\"><div class=\"lshowcase-boxInner-normal\" style=\"width:172px; align:center; text-align:center;\"><img loading=\"lazy\" src='https:\/\/avantage-plus.com\/wp-content\/uploads\/2018\/08\/cegq-164x122.jpg' width='164'  alt='Corporation des entrepreneurs g\u00e9n\u00e9raux du Qu\u00e9bec' title='Corporation des entrepreneurs g\u00e9n\u00e9raux du Qu\u00e9bec' class='lshowcase-normal lshowcase-tooltip' \/><\/div><\/div><\/div><div class='lshowcase-wrap-normal'><div class=\"lshowcase-box-normal\"><div class=\"lshowcase-boxInner-normal\" style=\"width:172px; align:center; text-align:center;\"><img loading=\"lazy\" src='https:\/\/avantage-plus.com\/wp-content\/uploads\/2018\/11\/logo-acq-117x122.jpg' width='117'  alt='Licence ACQ' title='ACQ' class='lshowcase-normal lshowcase-tooltip' \/><\/div><\/div><\/div><div class='lshowcase-wrap-normal'><div class=\"lshowcase-box-normal\"><div class=\"lshowcase-boxInner-normal\" style=\"width:172px; align:center; text-align:center;\"><img loading=\"lazy\" src='https:\/\/avantage-plus.com\/wp-content\/uploads\/2018\/08\/ccq-164x122.jpg' width='164'  alt='Commission de la construction du qu\u00e9bec' title='Commission de la construction du qu\u00e9bec' class='lshowcase-normal lshowcase-tooltip' \/><\/div><\/div><\/div><div class='lshowcase-wrap-normal'><div class=\"lshowcase-box-normal\"><div class=\"lshowcase-boxInner-normal\" style=\"width:172px; align:center; text-align:center;\"><img loading=\"lazy\" src='https:\/\/avantage-plus.com\/wp-content\/uploads\/2018\/08\/rbq-164x122.jpg' width='164'  alt='R\u00e9gie du b\u00e2timent du Qu\u00e9bec' title='RBQ #8324-9524-58' class='lshowcase-normal lshowcase-tooltip' \/><\/div><\/div><\/div><\/div><\/div><div class=\"lshowcase-clear-both\">&nbsp;<\/div>\n<p>[\/vc_column_text][\/vc_column][\/vc_row][vc_row][vc_column width=&#8221;1\/1&#8243;][uncode_block id=&#8221;24316&#8243;][\/vc_column][\/vc_row][vc_row][vc_column width=&#8221;1\/1&#8243;][uncode_block id=&#8221;24337&#8243;][\/vc_column][\/vc_row]<\/p>\n<\/div>","protected":false},"excerpt":{"rendered":"<p>[vc_row][vc_column width=&#8221;1\/1&#8243;][vc_column_text]Not only have we won a number of awards for excellence in our industry, but we have also participated<a class=\"moretag\" href=\"https:\/\/avantage-plus.com\/blogue\/lshowcase\/rbq-8324-9524-58\/\"> Read the full article patate&#8230;<\/a><\/p>\n","protected":false},"author":20,"featured_media":0,"parent":0,"menu_order":0,"comment_status":"closed","ping_status":"closed","template":"","meta":{"_acf_changed":false,"footnotes":""},"class_list":["post-24286","page","type-page","status-publish","hentry"],"acf":[],"yoast_head":"<!-- This site is optimized with the Yoast SEO plugin v27.4 - https:\/\/yoast.com\/product\/yoast-seo-wordpress\/ -->\n<title>Distinctions and licenses - A+<\/title>\n<meta name=\"robots\" content=\"index, follow, max-snippet:-1, max-image-preview:large, max-video-preview:-1\" \/>\n<link rel=\"canonical\" href=\"https:\/\/www.avantage-plus.com\/en\/distinctions-and-licenses\/\" \/>\n<meta property=\"og:locale\" content=\"en_US\" \/>\n<meta property=\"og:type\" content=\"article\" \/>\n<meta property=\"og:title\" content=\"Distinctions and licenses - A+\" \/>\n<meta property=\"og:description\" content=\"[vc_row][vc_column width=&#8221;1\/1&#8243;][vc_column_text]Not only have we won a number of awards for excellence in our industry, but we have also participated Read the full article patate...\" \/>\n<meta property=\"og:url\" content=\"https:\/\/www.avantage-plus.com\/en\/distinctions-and-licenses\/\" \/>\n<meta property=\"og:site_name\" content=\"A+\" \/>\n<meta property=\"article:publisher\" content=\"https:\/\/www.facebook.com\/avantageplus\/\" \/>\n<meta property=\"article:modified_time\" content=\"2019-01-08T13:08:03+00:00\" \/>\n<meta name=\"twitter:card\" content=\"summary_large_image\" \/>\n<meta name=\"twitter:label1\" content=\"Est. reading time\" \/>\n\t<meta name=\"twitter:data1\" content=\"1 minute\" \/>\n<script type=\"application\/ld+json\" class=\"yoast-schema-graph\">{\"@context\":\"https:\\\/\\\/schema.org\",\"@graph\":[{\"@type\":\"WebPage\",\"@id\":\"https:\\\/\\\/www.avantage-plus.com\\\/en\\\/distinctions-and-licenses\\\/\",\"url\":\"https:\\\/\\\/www.avantage-plus.com\\\/en\\\/distinctions-and-licenses\\\/\",\"name\":\"Distinctions and licenses - A+\",\"isPartOf\":{\"@id\":\"https:\\\/\\\/www.avantage-plus.com\\\/en\\\/#website\"},\"datePublished\":\"2019-01-02T19:29:49+00:00\",\"dateModified\":\"2019-01-08T13:08:03+00:00\",\"breadcrumb\":{\"@id\":\"https:\\\/\\\/www.avantage-plus.com\\\/en\\\/distinctions-and-licenses\\\/#breadcrumb\"},\"inLanguage\":\"en-US\",\"potentialAction\":[{\"@type\":\"ReadAction\",\"target\":[\"https:\\\/\\\/www.avantage-plus.com\\\/en\\\/distinctions-and-licenses\\\/\"]}]},{\"@type\":\"BreadcrumbList\",\"@id\":\"https:\\\/\\\/www.avantage-plus.com\\\/en\\\/distinctions-and-licenses\\\/#breadcrumb\",\"itemListElement\":[{\"@type\":\"ListItem\",\"position\":1,\"name\":\"Home\",\"item\":\"https:\\\/\\\/www.avantage-plus.com\\\/en\\\/\"},{\"@type\":\"ListItem\",\"position\":2,\"name\":\"Distinctions and licenses\"}]},{\"@type\":\"WebSite\",\"@id\":\"https:\\\/\\\/www.avantage-plus.com\\\/en\\\/#website\",\"url\":\"https:\\\/\\\/www.avantage-plus.com\\\/en\\\/\",\"name\":\"A+\",\"description\":\"Entreprise en construction\",\"potentialAction\":[{\"@type\":\"SearchAction\",\"target\":{\"@type\":\"EntryPoint\",\"urlTemplate\":\"https:\\\/\\\/www.avantage-plus.com\\\/en\\\/?s={search_term_string}\"},\"query-input\":{\"@type\":\"PropertyValueSpecification\",\"valueRequired\":true,\"valueName\":\"search_term_string\"}}],\"inLanguage\":\"en-US\"}]}<\/script>\n<!-- \/ Yoast SEO plugin. -->","yoast_head_json":{"title":"Distinctions and licenses - A+","robots":{"index":"index","follow":"follow","max-snippet":"max-snippet:-1","max-image-preview":"max-image-preview:large","max-video-preview":"max-video-preview:-1"},"canonical":"https:\/\/www.avantage-plus.com\/en\/distinctions-and-licenses\/","og_locale":"en_US","og_type":"article","og_title":"Distinctions and licenses - A+","og_description":"[vc_row][vc_column width=&#8221;1\/1&#8243;][vc_column_text]Not only have we won a number of awards for excellence in our industry, but we have also participated Read the full article patate...","og_url":"https:\/\/www.avantage-plus.com\/en\/distinctions-and-licenses\/","og_site_name":"A+","article_publisher":"https:\/\/www.facebook.com\/avantageplus\/","article_modified_time":"2019-01-08T13:08:03+00:00","twitter_card":"summary_large_image","twitter_misc":{"Est. reading time":"1 minute"},"schema":{"@context":"https:\/\/schema.org","@graph":[{"@type":"WebPage","@id":"https:\/\/www.avantage-plus.com\/en\/distinctions-and-licenses\/","url":"https:\/\/www.avantage-plus.com\/en\/distinctions-and-licenses\/","name":"Distinctions and licenses - A+","isPartOf":{"@id":"https:\/\/www.avantage-plus.com\/en\/#website"},"datePublished":"2019-01-02T19:29:49+00:00","dateModified":"2019-01-08T13:08:03+00:00","breadcrumb":{"@id":"https:\/\/www.avantage-plus.com\/en\/distinctions-and-licenses\/#breadcrumb"},"inLanguage":"en-US","potentialAction":[{"@type":"ReadAction","target":["https:\/\/www.avantage-plus.com\/en\/distinctions-and-licenses\/"]}]},{"@type":"BreadcrumbList","@id":"https:\/\/www.avantage-plus.com\/en\/distinctions-and-licenses\/#breadcrumb","itemListElement":[{"@type":"ListItem","position":1,"name":"Home","item":"https:\/\/www.avantage-plus.com\/en\/"},{"@type":"ListItem","position":2,"name":"Distinctions and licenses"}]},{"@type":"WebSite","@id":"https:\/\/www.avantage-plus.com\/en\/#website","url":"https:\/\/www.avantage-plus.com\/en\/","name":"A+","description":"Entreprise en construction","potentialAction":[{"@type":"SearchAction","target":{"@type":"EntryPoint","urlTemplate":"https:\/\/www.avantage-plus.com\/en\/?s={search_term_string}"},"query-input":{"@type":"PropertyValueSpecification","valueRequired":true,"valueName":"search_term_string"}}],"inLanguage":"en-US"}]}},"_links":{"self":[{"href":"https:\/\/avantage-plus.com\/en\/wp-json\/wp\/v2\/pages\/24286","targetHints":{"allow":["GET"]}}],"collection":[{"href":"https:\/\/avantage-plus.com\/en\/wp-json\/wp\/v2\/pages"}],"about":[{"href":"https:\/\/avantage-plus.com\/en\/wp-json\/wp\/v2\/types\/page"}],"author":[{"embeddable":true,"href":"https:\/\/avantage-plus.com\/en\/wp-json\/wp\/v2\/users\/20"}],"replies":[{"embeddable":true,"href":"https:\/\/avantage-plus.com\/en\/wp-json\/wp\/v2\/comments?post=24286"}],"version-history":[{"count":7,"href":"https:\/\/avantage-plus.com\/en\/wp-json\/wp\/v2\/pages\/24286\/revisions"}],"predecessor-version":[{"id":24475,"href":"https:\/\/avantage-plus.com\/en\/wp-json\/wp\/v2\/pages\/24286\/revisions\/24475"}],"wp:attachment":[{"href":"https:\/\/avantage-plus.com\/en\/wp-json\/wp\/v2\/media?parent=24286"}],"curies":[{"name":"wp","href":"https:\/\/api.w.org\/{rel}","templated":true}]}}