{"id":29929,"date":"2021-11-15T21:52:39","date_gmt":"2021-11-16T01:52:39","guid":{"rendered":"https:\/\/www.avantage-plus.com\/achievements\/office\/keywords-montreal\/"},"modified":"2023-05-19T15:23:46","modified_gmt":"2023-05-19T19:23:46","slug":"keywords-montreal","status":"publish","type":"page","link":"https:\/\/avantage-plus.com\/en\/projects\/office\/keywords-montreal\/","title":{"rendered":"Keywords Montr\u00e9al Studios"},"content":{"rendered":"<div class=\"wpb-content-wrapper\"><p>[vc_row unlock_row_content=&#8221;yes&#8221; row_height_percent=&#8221;0&#8243; back_image=&#8221;29874&#8243; overlay_alpha=&#8221;50&#8243; gutter_size=&#8221;3&#8243; shift_y=&#8221;0&#8243; row_name=&#8221;row-full-realisation-bg&#8221;][vc_column width=&#8221;1\/1&#8243;][vc_progress_bar values=&#8221;%5B%5D&#8221;][\/vc_column][\/vc_row][vc_row row_height_percent=&#8221;0&#8243; overlay_alpha=&#8221;50&#8243; gutter_size=&#8221;3&#8243; shift_y=&#8221;0&#8243; el_class=&#8221;row-title&#8221; row_name=&#8221;row-title&#8221;][vc_column width=&#8221;1\/1&#8243;][vc_column_text]<\/p>\n<h1>Keywords Montr\u00e9al Studios<\/h1>\n<hr class=\"relalisation-separator\" \/>\n<p>[\/vc_column_text][\/vc_column][\/vc_row][vc_row row_height_percent=&#8221;0&#8243; overlay_alpha=&#8221;50&#8243; equal_height=&#8221;yes&#8221; gutter_size=&#8221;4&#8243; shift_y=&#8221;0&#8243; row_name=&#8221;row-realisation-content&#8221;][vc_column column_width_percent=&#8221;100&#8243; override_padding=&#8221;yes&#8221; column_padding=&#8221;3&#8243; overlay_alpha=&#8221;50&#8243; gutter_size=&#8221;3&#8243; medium_width=&#8221;0&#8243; shift_x=&#8221;0&#8243; shift_y=&#8221;0&#8243; z_index=&#8221;0&#8243; width=&#8221;3\/4&#8243; el_class=&#8221;realisation-col-content&#8221;][vc_column_text]<strong>An electromechanical challenge that we overcame!<\/strong><\/p>\n<p>The <a href=\"https:\/\/www.keywordsstudios.com\/\">Keywords Group<\/a> has over 40 studios on four different continents. At its Montreal studio, 36,000 ft2 had to be added to accommodate about 500 new workstations. An in-depth analysis was required to understand what the company needed for these new workstations. The existing space had an open, double-aspect design. To ensure the security and confidentiality levels required, the suite had to be cut through lengthwise, which affected its intrinsic spaciousness.<\/p>\n<p>This also posed a major electromechanical challenge, because the power supply had to be tripled in order to meet the consumption requirements of the computers, screens and game consoles.<\/p>\n<p>Located on two floors of the former Norelec building, the Keywords studio enjoys an unobstructed view of the city and an extremely pleasant working environment.<\/p>\n<p>We are now creating a new studio for them at another site. This will be our <strong>4th consecutive project for this client<\/strong> (see the photos below for some of the others).[\/vc_column_text][vc_column_text css=&#8221;.vc_custom_1642190047371{padding-top: 20px !important;}&#8221;]<\/p>\n<blockquote><p><i>\u00ab I felt supported throughout the process. I could rely on A+ to quickly and efficiently find answers and solutions. They kept listening even though our needs were constantly changing; it also seemed like they enjoyed doing more for us. <em>\u00bb<\/em>\u00a0<\/i><strong>&#8211; Fr\u00e9d\u00e9rik Langlois, Facilities Manager at Keywords Studios<\/strong><\/p><\/blockquote>\n<p>[\/vc_column_text][vc_column_text el_class=&#8221;credits&#8221;]<u>Credits<\/u><br \/>\nProject management design and construction : A+ | Architects &amp; Designers : Kiva Design, Blanchette Architectes | Photographer : Maxime Brouillet[\/vc_column_text][\/vc_column][vc_column column_width_percent=&#8221;100&#8243; position_vertical=&#8221;middle&#8221; expand_height=&#8221;yes&#8221; overlay_alpha=&#8221;50&#8243; gutter_size=&#8221;3&#8243; medium_width=&#8221;0&#8243; shift_x=&#8221;0&#8243; shift_y=&#8221;0&#8243; z_index=&#8221;0&#8243; width=&#8221;1\/4&#8243; el_class=&#8221;col-realisation-extra-info&#8221;][vc_column_text]<strong>Type :<br \/>\n<\/strong>Office<\/p>\n<p><strong>Surface area :<br \/>\n<\/strong>50,000 ft<sup>2<\/sup>[\/vc_column_text][\/vc_column][\/vc_row][vc_row row_height_percent=&#8221;0&#8243; overlay_alpha=&#8221;50&#8243; gutter_size=&#8221;3&#8243; shift_y=&#8221;0&#8243; el_class=&#8221;row-video-controls&#8221; row_name=&#8221;row-video-controls&#8221;][vc_column column_width_percent=&#8221;100&#8243; align_horizontal=&#8221;align_center&#8221; overlay_alpha=&#8221;50&#8243; gutter_size=&#8221;3&#8243; medium_width=&#8221;0&#8243; shift_x=&#8221;0&#8243; shift_y=&#8221;0&#8243; z_index=&#8221;0&#8243; width=&#8221;1\/1&#8243;][vc_column_text el_class=&#8221;cta-youtube&#8221;]<a id=\"display-row-video\" href=\"https:\/\/www.youtube.com\" target=\"_blank\" rel=\"noopener\">Click here to watch the video<\/a>[\/vc_column_text][\/vc_column][\/vc_row][vc_row row_height_percent=&#8221;0&#8243; overlay_alpha=&#8221;50&#8243; gutter_size=&#8221;3&#8243; shift_y=&#8221;0&#8243; row_name=&#8221;row-video&#8221;][vc_column width=&#8221;1\/1&#8243;][vc_column_text]<iframe width=\"560\" height=\"315\" src=\"https:\/\/www.youtube.com\/embed\/tvmney61rG8\" title=\"YouTube video player\" frameborder=\"0\" allow=\"accelerometer; autoplay; clipboard-write; encrypted-media; gyroscope; picture-in-picture\" allowfullscreen><\/iframe>[\/vc_column_text][\/vc_column][\/vc_row][vc_row unlock_row_content=&#8221;yes&#8221; row_height_percent=&#8221;0&#8243; overlay_alpha=&#8221;50&#8243; gutter_size=&#8221;3&#8243; shift_y=&#8221;0&#8243;][vc_column width=&#8221;1\/1&#8243;][vc_column_text]<link rel=\"preload\" as=\"image\" href=\"https:\/\/avantage-plus.com\/wp-content\/uploads\/2021\/11\/KWS-10-1024x683.jpg\">\n<link rel=\"preload\" as=\"image\" href=\"https:\/\/avantage-plus.com\/wp-content\/uploads\/2021\/11\/KWS-8-1024x683.jpg\">\n<link rel=\"preload\" as=\"image\" href=\"https:\/\/avantage-plus.com\/wp-content\/uploads\/2021\/11\/KWS-3-1024x683.jpg\">\n<link rel=\"preload\" as=\"image\" href=\"https:\/\/avantage-plus.com\/wp-content\/uploads\/2018\/08\/Mission-vision-valeurs_Keywords.png\">\n<link rel=\"preload\" as=\"image\" href=\"https:\/\/avantage-plus.com\/wp-content\/uploads\/2021\/11\/KWS-2-1024x683.jpg\">\n<link rel=\"preload\" as=\"image\" href=\"https:\/\/avantage-plus.com\/wp-content\/uploads\/2018\/10\/Keywords-18-1024x683.jpg\">\n<link rel=\"preload\" as=\"image\" href=\"https:\/\/avantage-plus.com\/wp-content\/uploads\/2018\/10\/Keywords-20-1024x683.jpg\">\n<link rel=\"preload\" as=\"image\" href=\"https:\/\/avantage-plus.com\/wp-content\/uploads\/2018\/10\/Keywords-13-683x1024.jpg\">\n<link rel=\"preload\" as=\"image\" href=\"https:\/\/avantage-plus.com\/wp-content\/uploads\/2018\/10\/Keywords-14-1024x683.jpg\">\n<div class=\"image-gallery\" id=\"myImageGallery_69e03e0ee00a1\"><\/div>[\/vc_column_text][\/vc_column][\/vc_row]<\/p>\n<\/div>","protected":false},"excerpt":{"rendered":"<p>[vc_row unlock_row_content=&#8221;yes&#8221; row_height_percent=&#8221;0&#8243; back_image=&#8221;29874&#8243; overlay_alpha=&#8221;50&#8243; gutter_size=&#8221;3&#8243; shift_y=&#8221;0&#8243; row_name=&#8221;row-full-realisation-bg&#8221;][vc_column width=&#8221;1\/1&#8243;][vc_progress_bar values=&#8221;%5B%5D&#8221;][\/vc_column][\/vc_row][vc_row row_height_percent=&#8221;0&#8243; overlay_alpha=&#8221;50&#8243; gutter_size=&#8221;3&#8243; shift_y=&#8221;0&#8243; el_class=&#8221;row-title&#8221; row_name=&#8221;row-title&#8221;][vc_column width=&#8221;1\/1&#8243;][vc_column_text] Keywords Montr\u00e9al Studios<a class=\"moretag\" href=\"https:\/\/avantage-plus.com\/en\/projects\/office\/keywords-montreal\/\"> Read the full article patate&#8230;<\/a><\/p>\n","protected":false},"author":14,"featured_media":0,"parent":29356,"menu_order":0,"comment_status":"closed","ping_status":"closed","template":"","meta":{"_acf_changed":false,"footnotes":""},"class_list":["post-29929","page","type-page","status-publish","hentry"],"acf":[],"yoast_head":"<!-- This site is optimized with the Yoast SEO plugin v27.4 - https:\/\/yoast.com\/product\/yoast-seo-wordpress\/ -->\n<title>Keywords Montr\u00e9al Studios - Un d\u00e9fi \u00e9lectrom\u00e9canique remport\u00e9!<\/title>\n<meta name=\"description\" content=\"Pour accueillir pr\u00e8s de 300 nouveaux postes de travail, le projet pr\u00e9voyait l\u2019ajout de 18 000 pi2 \u00e0 leur studio de Montr\u00e9al qui emploie jusqu\u2019\u00e0 1500 personnes durant les hautes saisons.\" \/>\n<meta name=\"robots\" content=\"index, follow, max-snippet:-1, max-image-preview:large, max-video-preview:-1\" \/>\n<link rel=\"canonical\" href=\"https:\/\/www.avantage-plus.com\/en\/projects\/office\/keywords-montreal\/\" \/>\n<meta property=\"og:locale\" content=\"en_US\" \/>\n<meta property=\"og:type\" content=\"article\" \/>\n<meta property=\"og:title\" content=\"Keywords Montr\u00e9al Studios - Un d\u00e9fi \u00e9lectrom\u00e9canique remport\u00e9!\" \/>\n<meta property=\"og:description\" content=\"Pour accueillir pr\u00e8s de 300 nouveaux postes de travail, le projet pr\u00e9voyait l\u2019ajout de 18 000 pi2 \u00e0 leur studio de Montr\u00e9al qui emploie jusqu\u2019\u00e0 1500 personnes durant les hautes saisons.\" \/>\n<meta property=\"og:url\" content=\"https:\/\/www.avantage-plus.com\/en\/projects\/office\/keywords-montreal\/\" \/>\n<meta property=\"og:site_name\" content=\"A+\" \/>\n<meta property=\"article:publisher\" content=\"https:\/\/www.facebook.com\/avantageplus\/\" \/>\n<meta property=\"article:modified_time\" content=\"2023-05-19T19:23:46+00:00\" \/>\n<meta name=\"twitter:card\" content=\"summary_large_image\" \/>\n<meta name=\"twitter:label1\" content=\"Est. reading time\" \/>\n\t<meta name=\"twitter:data1\" content=\"2 minutes\" \/>\n<script type=\"application\/ld+json\" class=\"yoast-schema-graph\">{\"@context\":\"https:\\\/\\\/schema.org\",\"@graph\":[{\"@type\":\"WebPage\",\"@id\":\"https:\\\/\\\/www.avantage-plus.com\\\/en\\\/projects\\\/office\\\/keywords-montreal\\\/\",\"url\":\"https:\\\/\\\/www.avantage-plus.com\\\/en\\\/projects\\\/office\\\/keywords-montreal\\\/\",\"name\":\"Keywords Montr\u00e9al Studios - Un d\u00e9fi \u00e9lectrom\u00e9canique remport\u00e9!\",\"isPartOf\":{\"@id\":\"https:\\\/\\\/www.avantage-plus.com\\\/en\\\/#website\"},\"datePublished\":\"2021-11-16T01:52:39+00:00\",\"dateModified\":\"2023-05-19T19:23:46+00:00\",\"description\":\"Pour accueillir pr\u00e8s de 300 nouveaux postes de travail, le projet pr\u00e9voyait l\u2019ajout de 18 000 pi2 \u00e0 leur studio de Montr\u00e9al qui emploie jusqu\u2019\u00e0 1500 personnes durant les hautes saisons.\",\"breadcrumb\":{\"@id\":\"https:\\\/\\\/www.avantage-plus.com\\\/en\\\/projects\\\/office\\\/keywords-montreal\\\/#breadcrumb\"},\"inLanguage\":\"en-US\",\"potentialAction\":[{\"@type\":\"ReadAction\",\"target\":[\"https:\\\/\\\/www.avantage-plus.com\\\/en\\\/projects\\\/office\\\/keywords-montreal\\\/\"]}]},{\"@type\":\"BreadcrumbList\",\"@id\":\"https:\\\/\\\/www.avantage-plus.com\\\/en\\\/projects\\\/office\\\/keywords-montreal\\\/#breadcrumb\",\"itemListElement\":[{\"@type\":\"ListItem\",\"position\":1,\"name\":\"Home\",\"item\":\"https:\\\/\\\/www.avantage-plus.com\\\/en\\\/\"},{\"@type\":\"ListItem\",\"position\":2,\"name\":\"Projects\",\"item\":\"https:\\\/\\\/www.avantage-plus.com\\\/en\\\/projects\\\/\"},{\"@type\":\"ListItem\",\"position\":3,\"name\":\"Office\",\"item\":\"https:\\\/\\\/www.avantage-plus.com\\\/en\\\/projects\\\/office\\\/\"},{\"@type\":\"ListItem\",\"position\":4,\"name\":\"Keywords Montr\u00e9al Studios\"}]},{\"@type\":\"WebSite\",\"@id\":\"https:\\\/\\\/www.avantage-plus.com\\\/en\\\/#website\",\"url\":\"https:\\\/\\\/www.avantage-plus.com\\\/en\\\/\",\"name\":\"A+\",\"description\":\"Entreprise en construction\",\"potentialAction\":[{\"@type\":\"SearchAction\",\"target\":{\"@type\":\"EntryPoint\",\"urlTemplate\":\"https:\\\/\\\/www.avantage-plus.com\\\/en\\\/?s={search_term_string}\"},\"query-input\":{\"@type\":\"PropertyValueSpecification\",\"valueRequired\":true,\"valueName\":\"search_term_string\"}}],\"inLanguage\":\"en-US\"}]}<\/script>\n<!-- \/ Yoast SEO plugin. -->","yoast_head_json":{"title":"Keywords Montr\u00e9al Studios - Un d\u00e9fi \u00e9lectrom\u00e9canique remport\u00e9!","description":"Pour accueillir pr\u00e8s de 300 nouveaux postes de travail, le projet pr\u00e9voyait l\u2019ajout de 18 000 pi2 \u00e0 leur studio de Montr\u00e9al qui emploie jusqu\u2019\u00e0 1500 personnes durant les hautes saisons.","robots":{"index":"index","follow":"follow","max-snippet":"max-snippet:-1","max-image-preview":"max-image-preview:large","max-video-preview":"max-video-preview:-1"},"canonical":"https:\/\/www.avantage-plus.com\/en\/projects\/office\/keywords-montreal\/","og_locale":"en_US","og_type":"article","og_title":"Keywords Montr\u00e9al Studios - Un d\u00e9fi \u00e9lectrom\u00e9canique remport\u00e9!","og_description":"Pour accueillir pr\u00e8s de 300 nouveaux postes de travail, le projet pr\u00e9voyait l\u2019ajout de 18 000 pi2 \u00e0 leur studio de Montr\u00e9al qui emploie jusqu\u2019\u00e0 1500 personnes durant les hautes saisons.","og_url":"https:\/\/www.avantage-plus.com\/en\/projects\/office\/keywords-montreal\/","og_site_name":"A+","article_publisher":"https:\/\/www.facebook.com\/avantageplus\/","article_modified_time":"2023-05-19T19:23:46+00:00","twitter_card":"summary_large_image","twitter_misc":{"Est. reading time":"2 minutes"},"schema":{"@context":"https:\/\/schema.org","@graph":[{"@type":"WebPage","@id":"https:\/\/www.avantage-plus.com\/en\/projects\/office\/keywords-montreal\/","url":"https:\/\/www.avantage-plus.com\/en\/projects\/office\/keywords-montreal\/","name":"Keywords Montr\u00e9al Studios - Un d\u00e9fi \u00e9lectrom\u00e9canique remport\u00e9!","isPartOf":{"@id":"https:\/\/www.avantage-plus.com\/en\/#website"},"datePublished":"2021-11-16T01:52:39+00:00","dateModified":"2023-05-19T19:23:46+00:00","description":"Pour accueillir pr\u00e8s de 300 nouveaux postes de travail, le projet pr\u00e9voyait l\u2019ajout de 18 000 pi2 \u00e0 leur studio de Montr\u00e9al qui emploie jusqu\u2019\u00e0 1500 personnes durant les hautes saisons.","breadcrumb":{"@id":"https:\/\/www.avantage-plus.com\/en\/projects\/office\/keywords-montreal\/#breadcrumb"},"inLanguage":"en-US","potentialAction":[{"@type":"ReadAction","target":["https:\/\/www.avantage-plus.com\/en\/projects\/office\/keywords-montreal\/"]}]},{"@type":"BreadcrumbList","@id":"https:\/\/www.avantage-plus.com\/en\/projects\/office\/keywords-montreal\/#breadcrumb","itemListElement":[{"@type":"ListItem","position":1,"name":"Home","item":"https:\/\/www.avantage-plus.com\/en\/"},{"@type":"ListItem","position":2,"name":"Projects","item":"https:\/\/www.avantage-plus.com\/en\/projects\/"},{"@type":"ListItem","position":3,"name":"Office","item":"https:\/\/www.avantage-plus.com\/en\/projects\/office\/"},{"@type":"ListItem","position":4,"name":"Keywords Montr\u00e9al Studios"}]},{"@type":"WebSite","@id":"https:\/\/www.avantage-plus.com\/en\/#website","url":"https:\/\/www.avantage-plus.com\/en\/","name":"A+","description":"Entreprise en construction","potentialAction":[{"@type":"SearchAction","target":{"@type":"EntryPoint","urlTemplate":"https:\/\/www.avantage-plus.com\/en\/?s={search_term_string}"},"query-input":{"@type":"PropertyValueSpecification","valueRequired":true,"valueName":"search_term_string"}}],"inLanguage":"en-US"}]}},"_links":{"self":[{"href":"https:\/\/avantage-plus.com\/en\/wp-json\/wp\/v2\/pages\/29929","targetHints":{"allow":["GET"]}}],"collection":[{"href":"https:\/\/avantage-plus.com\/en\/wp-json\/wp\/v2\/pages"}],"about":[{"href":"https:\/\/avantage-plus.com\/en\/wp-json\/wp\/v2\/types\/page"}],"author":[{"embeddable":true,"href":"https:\/\/avantage-plus.com\/en\/wp-json\/wp\/v2\/users\/14"}],"replies":[{"embeddable":true,"href":"https:\/\/avantage-plus.com\/en\/wp-json\/wp\/v2\/comments?post=29929"}],"version-history":[{"count":11,"href":"https:\/\/avantage-plus.com\/en\/wp-json\/wp\/v2\/pages\/29929\/revisions"}],"predecessor-version":[{"id":38558,"href":"https:\/\/avantage-plus.com\/en\/wp-json\/wp\/v2\/pages\/29929\/revisions\/38558"}],"up":[{"embeddable":true,"href":"https:\/\/avantage-plus.com\/en\/wp-json\/wp\/v2\/pages\/29356"}],"wp:attachment":[{"href":"https:\/\/avantage-plus.com\/en\/wp-json\/wp\/v2\/media?parent=29929"}],"curies":[{"name":"wp","href":"https:\/\/api.w.org\/{rel}","templated":true}]}}