{"id":29943,"date":"2021-11-15T21:52:39","date_gmt":"2021-11-16T01:52:39","guid":{"rendered":"https:\/\/www.avantage-plus.com\/achievements\/restaurant\/europea\/"},"modified":"2023-05-19T15:59:50","modified_gmt":"2023-05-19T19:59:50","slug":"europea","status":"publish","type":"page","link":"https:\/\/avantage-plus.com\/en\/projects\/restaurant\/europea\/","title":{"rendered":"Europea"},"content":{"rendered":"<div class=\"wpb-content-wrapper\"><p>[vc_row unlock_row_content=&#8221;yes&#8221; row_height_percent=&#8221;0&#8243; back_image=&#8221;29880&#8243; overlay_alpha=&#8221;50&#8243; gutter_size=&#8221;3&#8243; shift_y=&#8221;0&#8243; row_name=&#8221;row-full-realisation-bg&#8221;][vc_column width=&#8221;1\/1&#8243;][\/vc_column][\/vc_row][vc_row row_height_percent=&#8221;0&#8243; overlay_alpha=&#8221;50&#8243; gutter_size=&#8221;3&#8243; shift_y=&#8221;0&#8243; el_class=&#8221;row-title&#8221; row_name=&#8221;row-title&#8221;][vc_column width=&#8221;1\/1&#8243;][vc_column_text]<\/p>\n<h1>Europea<\/h1>\n<hr class=\"relalisation-separator\" \/>\n<p>[\/vc_column_text][\/vc_column][\/vc_row][vc_row row_height_percent=&#8221;0&#8243; overlay_alpha=&#8221;50&#8243; equal_height=&#8221;yes&#8221; gutter_size=&#8221;4&#8243; shift_y=&#8221;0&#8243; row_name=&#8221;row-realisation-content&#8221;][vc_column column_width_percent=&#8221;100&#8243; override_padding=&#8221;yes&#8221; column_padding=&#8221;3&#8243; overlay_alpha=&#8221;50&#8243; gutter_size=&#8221;3&#8243; medium_width=&#8221;0&#8243; shift_x=&#8221;0&#8243; shift_y=&#8221;0&#8243; z_index=&#8221;0&#8243; width=&#8221;3\/4&#8243; el_class=&#8221;realisation-col-content&#8221;][vc_column_text]<strong>Delivering this multifaceted project was a manageable challenge for A+<\/strong><\/p>\n<p>Renowned chef J\u00e9r\u00f4me Ferrer wanted to reinvent his patrons\u2019 dining experience and give them a true culinary spectacle, which is why he asked A+ to put its talents to work on his brand new <a href=\"https:\/\/jeromeferrer.ca\/\">Europea Restaurant<\/a>. A+ was selected for its multidisciplinary proposal, which included management, engineering design and construction and promised to deliver this ambitious project in record time.<\/p>\n<p>Located in a very elegant building on Mountain Street in downtown Montreal, this project presented highly complex architectural challenges. In fact, due to the selected materials, the large number of custom-crafted features, the kitchen enclosed in see-through glass panels, the huge cellar, the large mezzanine and the magnificent spiral staircase, many seasoned professionals and tradespeople had to be brought into the project and meticulously managed. Ultimately, thanks to the transparent and efficient collaboration between everyone involved, this project was delivered on time and within the required budget.[\/vc_column_text][vc_column_text css=&#8221;.vc_custom_1642190468948{padding-top: 20px !important;}&#8221;]<\/p>\n<blockquote><p><i>\u00ab I had the dream team! Each time a stressful event occurred, A+ knew how to reassure and advise us. We were working with highly-qualified, considerate individuals who always had a plan A, B or C to offer us. And that is priceless! \u00bb <\/i><strong>&#8211; <\/strong><strong>J\u00e9r\u00f4me Ferrer, owner.<\/strong><\/p><\/blockquote>\n<p>[\/vc_column_text][vc_column_text el_class=&#8221;credits&#8221;]<u>Credits<\/u><br \/>\nProject management design and construction : A+ | Architects &amp; Designers : Provencher_Roy | Photographer : Laurent Gu\u00e9rin[\/vc_column_text][\/vc_column][vc_column column_width_percent=&#8221;100&#8243; position_vertical=&#8221;middle&#8221; expand_height=&#8221;yes&#8221; overlay_alpha=&#8221;50&#8243; gutter_size=&#8221;3&#8243; medium_width=&#8221;0&#8243; shift_x=&#8221;0&#8243; shift_y=&#8221;0&#8243; z_index=&#8221;0&#8243; width=&#8221;1\/4&#8243; el_class=&#8221;col-realisation-extra-info&#8221;][vc_column_text]<strong>Type :<br \/>\n<\/strong>Restaurant<\/p>\n<p><strong>Surface area :<br \/>\n<\/strong>4,200 ft<sup>2<\/sup>[\/vc_column_text][\/vc_column][\/vc_row][vc_row row_height_percent=&#8221;0&#8243; overlay_alpha=&#8221;50&#8243; gutter_size=&#8221;3&#8243; shift_y=&#8221;0&#8243; el_class=&#8221;row-video-controls&#8221; row_name=&#8221;row-video-controls&#8221;][vc_column column_width_percent=&#8221;100&#8243; align_horizontal=&#8221;align_center&#8221; overlay_alpha=&#8221;50&#8243; gutter_size=&#8221;3&#8243; medium_width=&#8221;0&#8243; shift_x=&#8221;0&#8243; shift_y=&#8221;0&#8243; z_index=&#8221;0&#8243; width=&#8221;1\/1&#8243;][vc_column_text el_class=&#8221;cta-youtube&#8221;]<a id=\"display-row-video\" href=\"https:\/\/www.youtube.com\" target=\"_blank\" rel=\"noopener\">Click here to watch the video<\/a>[\/vc_column_text][\/vc_column][\/vc_row][vc_row row_height_percent=&#8221;0&#8243; overlay_alpha=&#8221;50&#8243; gutter_size=&#8221;3&#8243; shift_y=&#8221;0&#8243; row_name=&#8221;row-video&#8221;][vc_column width=&#8221;1\/1&#8243;][vc_column_text]<iframe loading=\"lazy\" title=\"D\u00e9couvrez la r\u00e9alisation du Restaurant J\u00e9rome Ferrer-Europea!\" width=\"840\" height=\"473\" src=\"https:\/\/www.youtube.com\/embed\/1u8ZP1MgbhY?feature=oembed&width=840&height=1000&discover=1\" frameborder=\"0\" allow=\"accelerometer; autoplay; clipboard-write; encrypted-media; gyroscope; picture-in-picture\" allowfullscreen=\"\"><\/iframe>[\/vc_column_text][\/vc_column][\/vc_row][vc_row unlock_row_content=&#8221;yes&#8221; row_height_percent=&#8221;0&#8243; overlay_alpha=&#8221;50&#8243; gutter_size=&#8221;3&#8243; shift_y=&#8221;0&#8243;][vc_column width=&#8221;1\/1&#8243;][vc_column_text]<link rel=\"preload\" as=\"image\" href=\"https:\/\/avantage-plus.com\/wp-content\/uploads\/2014\/10\/EuR1659_10-copie-1024x843.jpg\">\n<link rel=\"preload\" as=\"image\" href=\"https:\/\/avantage-plus.com\/wp-content\/uploads\/2014\/10\/EuR1589_8-610x1024.jpg\">\n<link rel=\"preload\" as=\"image\" href=\"https:\/\/avantage-plus.com\/wp-content\/uploads\/2014\/10\/EuR1047_8-1024x683.jpg\">\n<link rel=\"preload\" as=\"image\" href=\"https:\/\/avantage-plus.com\/wp-content\/uploads\/2014\/10\/EuR1163_3-2-661x1024.jpg\">\n<link rel=\"preload\" as=\"image\" href=\"https:\/\/avantage-plus.com\/wp-content\/uploads\/2014\/10\/EuR1443_4-1024x703.jpg\">\n<link rel=\"preload\" as=\"image\" href=\"https:\/\/avantage-plus.com\/wp-content\/uploads\/2014\/10\/EuR493-3-681x1024.jpg\">\n<link rel=\"preload\" as=\"image\" href=\"https:\/\/avantage-plus.com\/wp-content\/uploads\/2014\/10\/EuR230_3-683x1024.jpg\">\n<link rel=\"preload\" as=\"image\" href=\"https:\/\/avantage-plus.com\/wp-content\/uploads\/2014\/10\/EuR1136_3-1024x741.jpg\">\n<link rel=\"preload\" as=\"image\" href=\"https:\/\/avantage-plus.com\/wp-content\/uploads\/2014\/10\/EuR222_8-701x1024.jpg\">\n<div class=\"image-gallery\" id=\"myImageGallery_69e03e3d71d76\"><\/div>[\/vc_column_text][\/vc_column][\/vc_row]<\/p>\n<\/div>","protected":false},"excerpt":{"rendered":"<p>[vc_row unlock_row_content=&#8221;yes&#8221; row_height_percent=&#8221;0&#8243; back_image=&#8221;29880&#8243; overlay_alpha=&#8221;50&#8243; gutter_size=&#8221;3&#8243; shift_y=&#8221;0&#8243; row_name=&#8221;row-full-realisation-bg&#8221;][vc_column width=&#8221;1\/1&#8243;][\/vc_column][\/vc_row][vc_row row_height_percent=&#8221;0&#8243; overlay_alpha=&#8221;50&#8243; gutter_size=&#8221;3&#8243; shift_y=&#8221;0&#8243; el_class=&#8221;row-title&#8221; row_name=&#8221;row-title&#8221;][vc_column width=&#8221;1\/1&#8243;][vc_column_text] Europea [\/vc_column_text][\/vc_column][\/vc_row][vc_row row_height_percent=&#8221;0&#8243; overlay_alpha=&#8221;50&#8243;<a class=\"moretag\" href=\"https:\/\/avantage-plus.com\/en\/projects\/restaurant\/europea\/\"> Read the full article patate&#8230;<\/a><\/p>\n","protected":false},"author":14,"featured_media":0,"parent":29362,"menu_order":0,"comment_status":"closed","ping_status":"closed","template":"","meta":{"_acf_changed":false,"footnotes":""},"class_list":["post-29943","page","type-page","status-publish","hentry"],"acf":[],"yoast_head":"<!-- This site is optimized with the Yoast SEO plugin v27.4 - https:\/\/yoast.com\/product\/yoast-seo-wordpress\/ -->\n<title>Europea - Nouveau restaurant au design exceptionnel!<\/title>\n<meta name=\"description\" content=\"D\u00e9sireux de renouveler l\u2019exp\u00e9rience culinaire de ses clients et de leur offrir un v\u00e9ritable spectacle gastronomique, le c\u00e9l\u00e8bre chef J\u00e9r\u00f4me Ferrer a fait appel aux talents de A+ pour son tout nouveau restaurant Europea.\" \/>\n<meta name=\"robots\" content=\"index, follow, max-snippet:-1, max-image-preview:large, max-video-preview:-1\" \/>\n<link rel=\"canonical\" href=\"https:\/\/www.avantage-plus.com\/en\/projects\/restaurant\/europea\/\" \/>\n<meta property=\"og:locale\" content=\"en_US\" \/>\n<meta property=\"og:type\" content=\"article\" \/>\n<meta property=\"og:title\" content=\"Europea - Nouveau restaurant au design exceptionnel!\" \/>\n<meta property=\"og:description\" content=\"D\u00e9sireux de renouveler l\u2019exp\u00e9rience culinaire de ses clients et de leur offrir un v\u00e9ritable spectacle gastronomique, le c\u00e9l\u00e8bre chef J\u00e9r\u00f4me Ferrer a fait appel aux talents de A+ pour son tout nouveau restaurant Europea.\" \/>\n<meta property=\"og:url\" content=\"https:\/\/www.avantage-plus.com\/en\/projects\/restaurant\/europea\/\" \/>\n<meta property=\"og:site_name\" content=\"A+\" \/>\n<meta property=\"article:publisher\" content=\"https:\/\/www.facebook.com\/avantageplus\/\" \/>\n<meta property=\"article:modified_time\" content=\"2023-05-19T19:59:50+00:00\" \/>\n<meta name=\"twitter:card\" content=\"summary_large_image\" \/>\n<meta name=\"twitter:label1\" content=\"Est. reading time\" \/>\n\t<meta name=\"twitter:data1\" content=\"2 minutes\" \/>\n<script type=\"application\/ld+json\" class=\"yoast-schema-graph\">{\"@context\":\"https:\\\/\\\/schema.org\",\"@graph\":[{\"@type\":\"WebPage\",\"@id\":\"https:\\\/\\\/www.avantage-plus.com\\\/en\\\/projects\\\/restaurant\\\/europea\\\/\",\"url\":\"https:\\\/\\\/www.avantage-plus.com\\\/en\\\/projects\\\/restaurant\\\/europea\\\/\",\"name\":\"Europea - Nouveau restaurant au design exceptionnel!\",\"isPartOf\":{\"@id\":\"https:\\\/\\\/www.avantage-plus.com\\\/en\\\/#website\"},\"datePublished\":\"2021-11-16T01:52:39+00:00\",\"dateModified\":\"2023-05-19T19:59:50+00:00\",\"description\":\"D\u00e9sireux de renouveler l\u2019exp\u00e9rience culinaire de ses clients et de leur offrir un v\u00e9ritable spectacle gastronomique, le c\u00e9l\u00e8bre chef J\u00e9r\u00f4me Ferrer a fait appel aux talents de A+ pour son tout nouveau restaurant Europea.\",\"breadcrumb\":{\"@id\":\"https:\\\/\\\/www.avantage-plus.com\\\/en\\\/projects\\\/restaurant\\\/europea\\\/#breadcrumb\"},\"inLanguage\":\"en-US\",\"potentialAction\":[{\"@type\":\"ReadAction\",\"target\":[\"https:\\\/\\\/www.avantage-plus.com\\\/en\\\/projects\\\/restaurant\\\/europea\\\/\"]}]},{\"@type\":\"BreadcrumbList\",\"@id\":\"https:\\\/\\\/www.avantage-plus.com\\\/en\\\/projects\\\/restaurant\\\/europea\\\/#breadcrumb\",\"itemListElement\":[{\"@type\":\"ListItem\",\"position\":1,\"name\":\"Home\",\"item\":\"https:\\\/\\\/www.avantage-plus.com\\\/en\\\/\"},{\"@type\":\"ListItem\",\"position\":2,\"name\":\"Projects\",\"item\":\"https:\\\/\\\/www.avantage-plus.com\\\/en\\\/projects\\\/\"},{\"@type\":\"ListItem\",\"position\":3,\"name\":\"Restaurant\",\"item\":\"https:\\\/\\\/www.avantage-plus.com\\\/en\\\/projects\\\/restaurant\\\/\"},{\"@type\":\"ListItem\",\"position\":4,\"name\":\"Europea\"}]},{\"@type\":\"WebSite\",\"@id\":\"https:\\\/\\\/www.avantage-plus.com\\\/en\\\/#website\",\"url\":\"https:\\\/\\\/www.avantage-plus.com\\\/en\\\/\",\"name\":\"A+\",\"description\":\"Entreprise en construction\",\"potentialAction\":[{\"@type\":\"SearchAction\",\"target\":{\"@type\":\"EntryPoint\",\"urlTemplate\":\"https:\\\/\\\/www.avantage-plus.com\\\/en\\\/?s={search_term_string}\"},\"query-input\":{\"@type\":\"PropertyValueSpecification\",\"valueRequired\":true,\"valueName\":\"search_term_string\"}}],\"inLanguage\":\"en-US\"}]}<\/script>\n<!-- \/ Yoast SEO plugin. -->","yoast_head_json":{"title":"Europea - Nouveau restaurant au design exceptionnel!","description":"D\u00e9sireux de renouveler l\u2019exp\u00e9rience culinaire de ses clients et de leur offrir un v\u00e9ritable spectacle gastronomique, le c\u00e9l\u00e8bre chef J\u00e9r\u00f4me Ferrer a fait appel aux talents de A+ pour son tout nouveau restaurant Europea.","robots":{"index":"index","follow":"follow","max-snippet":"max-snippet:-1","max-image-preview":"max-image-preview:large","max-video-preview":"max-video-preview:-1"},"canonical":"https:\/\/www.avantage-plus.com\/en\/projects\/restaurant\/europea\/","og_locale":"en_US","og_type":"article","og_title":"Europea - Nouveau restaurant au design exceptionnel!","og_description":"D\u00e9sireux de renouveler l\u2019exp\u00e9rience culinaire de ses clients et de leur offrir un v\u00e9ritable spectacle gastronomique, le c\u00e9l\u00e8bre chef J\u00e9r\u00f4me Ferrer a fait appel aux talents de A+ pour son tout nouveau restaurant Europea.","og_url":"https:\/\/www.avantage-plus.com\/en\/projects\/restaurant\/europea\/","og_site_name":"A+","article_publisher":"https:\/\/www.facebook.com\/avantageplus\/","article_modified_time":"2023-05-19T19:59:50+00:00","twitter_card":"summary_large_image","twitter_misc":{"Est. reading time":"2 minutes"},"schema":{"@context":"https:\/\/schema.org","@graph":[{"@type":"WebPage","@id":"https:\/\/www.avantage-plus.com\/en\/projects\/restaurant\/europea\/","url":"https:\/\/www.avantage-plus.com\/en\/projects\/restaurant\/europea\/","name":"Europea - Nouveau restaurant au design exceptionnel!","isPartOf":{"@id":"https:\/\/www.avantage-plus.com\/en\/#website"},"datePublished":"2021-11-16T01:52:39+00:00","dateModified":"2023-05-19T19:59:50+00:00","description":"D\u00e9sireux de renouveler l\u2019exp\u00e9rience culinaire de ses clients et de leur offrir un v\u00e9ritable spectacle gastronomique, le c\u00e9l\u00e8bre chef J\u00e9r\u00f4me Ferrer a fait appel aux talents de A+ pour son tout nouveau restaurant Europea.","breadcrumb":{"@id":"https:\/\/www.avantage-plus.com\/en\/projects\/restaurant\/europea\/#breadcrumb"},"inLanguage":"en-US","potentialAction":[{"@type":"ReadAction","target":["https:\/\/www.avantage-plus.com\/en\/projects\/restaurant\/europea\/"]}]},{"@type":"BreadcrumbList","@id":"https:\/\/www.avantage-plus.com\/en\/projects\/restaurant\/europea\/#breadcrumb","itemListElement":[{"@type":"ListItem","position":1,"name":"Home","item":"https:\/\/www.avantage-plus.com\/en\/"},{"@type":"ListItem","position":2,"name":"Projects","item":"https:\/\/www.avantage-plus.com\/en\/projects\/"},{"@type":"ListItem","position":3,"name":"Restaurant","item":"https:\/\/www.avantage-plus.com\/en\/projects\/restaurant\/"},{"@type":"ListItem","position":4,"name":"Europea"}]},{"@type":"WebSite","@id":"https:\/\/www.avantage-plus.com\/en\/#website","url":"https:\/\/www.avantage-plus.com\/en\/","name":"A+","description":"Entreprise en construction","potentialAction":[{"@type":"SearchAction","target":{"@type":"EntryPoint","urlTemplate":"https:\/\/www.avantage-plus.com\/en\/?s={search_term_string}"},"query-input":{"@type":"PropertyValueSpecification","valueRequired":true,"valueName":"search_term_string"}}],"inLanguage":"en-US"}]}},"_links":{"self":[{"href":"https:\/\/avantage-plus.com\/en\/wp-json\/wp\/v2\/pages\/29943","targetHints":{"allow":["GET"]}}],"collection":[{"href":"https:\/\/avantage-plus.com\/en\/wp-json\/wp\/v2\/pages"}],"about":[{"href":"https:\/\/avantage-plus.com\/en\/wp-json\/wp\/v2\/types\/page"}],"author":[{"embeddable":true,"href":"https:\/\/avantage-plus.com\/en\/wp-json\/wp\/v2\/users\/14"}],"replies":[{"embeddable":true,"href":"https:\/\/avantage-plus.com\/en\/wp-json\/wp\/v2\/comments?post=29943"}],"version-history":[{"count":10,"href":"https:\/\/avantage-plus.com\/en\/wp-json\/wp\/v2\/pages\/29943\/revisions"}],"predecessor-version":[{"id":38574,"href":"https:\/\/avantage-plus.com\/en\/wp-json\/wp\/v2\/pages\/29943\/revisions\/38574"}],"up":[{"embeddable":true,"href":"https:\/\/avantage-plus.com\/en\/wp-json\/wp\/v2\/pages\/29362"}],"wp:attachment":[{"href":"https:\/\/avantage-plus.com\/en\/wp-json\/wp\/v2\/media?parent=29943"}],"curies":[{"name":"wp","href":"https:\/\/api.w.org\/{rel}","templated":true}]}}