{"id":47979,"date":"2019-01-02T15:35:22","date_gmt":"2019-01-02T19:35:22","guid":{"rendered":"https:\/\/www.avantage-plus.com\/?page_id=47979"},"modified":"2026-02-05T11:25:14","modified_gmt":"2026-02-05T15:25:14","slug":"icpm","status":"publish","type":"page","link":"https:\/\/avantage-plus.com\/en\/icpm\/","title":{"rendered":"Integrated Collaborative Project Management (ICPM)"},"content":{"rendered":"<div class=\"wpb-content-wrapper\"><p>[vc_row row_height_percent=&#8221;0&#8243; overlay_alpha=&#8221;50&#8243; gutter_size=&#8221;3&#8243; shift_y=&#8221;0&#8243; css=&#8221;.vc_custom_1692642346192{padding-bottom: 55px !important;}&#8221;][vc_column width=&#8221;1\/2&#8243;][vc_column_text css=&#8221;.vc_custom_1542229694117{padding-top: 20px !important;}&#8221;]<br \/>\n[\/vc_column_text][vc_custom_heading]The complete solution for a successful project![\/vc_custom_heading][vc_column_text]<strong>Integrated Collaborative Project Management (ICPM)<\/strong> &#8211; this is our way of guiding you in transforming your commercial, medical, or industrial space to provide you with a simple, positive and human project experience.<\/p>\n<p><strong>MANAGEMENT + DESIGN + CONSTRUCTION.<\/strong> We take care of absolutely everything for you! Our service starts from analyzing the spaces visited before the real estate transaction to designing and building your project! See how this full-service can save you time, money, and stress![\/vc_column_text][\/vc_column][vc_column width=&#8221;1\/2&#8243;][vc_column_text css=&#8221;.vc_custom_1542911938040{padding-top: 20px !important;}&#8221;]<br \/>\n[\/vc_column_text][vc_column_text]<\/p>\n<p><iframe title=\"Une exp\u00e9rience client in\u00e9gal\u00e9e avec l&#039;approche int\u00e9gr\u00e9e!\" width=\"600\" height=\"338\" src=\"https:\/\/www.youtube.com\/embed\/wsqRy0f8gWs?feature=oembed&#038;enablejsapi=1&#038;origin=https:\/\/www.avantage-plus.com&#038;width=600&#038;height=375&#038;discover=1\" frameborder=\"0\" allow=\"accelerometer; autoplay; clipboard-write; encrypted-media; gyroscope; picture-in-picture; web-share\" referrerpolicy=\"strict-origin-when-cross-origin\" allowfullscreen><\/iframe><\/p>\n<p>[\/vc_column_text][\/vc_column][\/vc_row][vc_row row_height_percent=&#8221;0&#8243; overlay_alpha=&#8221;50&#8243; gutter_size=&#8221;3&#8243; shift_y=&#8221;0&#8243; el_class=&#8221;row-intro&#8221;][vc_column width=&#8221;1\/1&#8243;][vc_single_image media=&#8221;40613&#8243; media_width_percent=&#8221;100&#8243; media_link=&#8221;||target:%20_blank&#8221;][vc_column_text]In an ICPM mandate, we bring all key players to the table from day one to have a better overall vision, better plan the various stages, and benefit from everyone&#8217;s expertise and knowledge. <strong>All to deliver a beautiful and optimized space on time while guaranteeing construction costs.<\/strong><\/p>\n<p>Our team will take full responsibility for your real estate project, allowing you to focus on the essentials: your operations and the growth of your business. With only one team doing everything from A to Z, it&#8217;s much simpler, more fun, and more efficient![\/vc_column_text][vc_single_image media=&#8221;37733&#8243; media_width_percent=&#8221;100&#8243; media_link=&#8221;||target:%20_blank&#8221;][\/vc_column][\/vc_row][vc_row][vc_column width=&#8221;1\/1&#8243;][uncode_block id=&#8221;24337&#8243;][\/vc_column][\/vc_row][vc_row][vc_column width=&#8221;1\/1&#8243;][uncode_block id=&#8221;24351&#8243;][\/vc_column][\/vc_row]<\/p>\n<\/div>","protected":false},"excerpt":{"rendered":"<p>[vc_row row_height_percent=&#8221;0&#8243; overlay_alpha=&#8221;50&#8243; gutter_size=&#8221;3&#8243; shift_y=&#8221;0&#8243; css=&#8221;.vc_custom_1692642346192{padding-bottom: 55px !important;}&#8221;][vc_column width=&#8221;1\/2&#8243;][vc_column_text css=&#8221;.vc_custom_1542229694117{padding-top: 20px !important;}&#8221;] [\/vc_column_text][vc_custom_heading]The complete solution for a successful project![\/vc_custom_heading][vc_column_text]Integrated Collaborative<a class=\"moretag\" href=\"https:\/\/avantage-plus.com\/en\/icpm\/\"> Read the full article patate&#8230;<\/a><\/p>\n","protected":false},"author":14,"featured_media":0,"parent":0,"menu_order":0,"comment_status":"closed","ping_status":"closed","template":"","meta":{"_acf_changed":false,"footnotes":""},"class_list":["post-47979","page","type-page","status-publish","hentry"],"acf":[],"yoast_head":"<!-- This site is optimized with the Yoast SEO plugin v27.4 - https:\/\/yoast.com\/product\/yoast-seo-wordpress\/ -->\n<title>The ICPM - Integrated Collaborative Project Management<\/title>\n<meta name=\"description\" content=\"Our unique management method to optimize your real estate projects! See how this management service can save you time, money and reduce stress!\" \/>\n<meta name=\"robots\" content=\"index, follow, max-snippet:-1, max-image-preview:large, max-video-preview:-1\" \/>\n<link rel=\"canonical\" href=\"https:\/\/www.avantage-plus.com\/en\/icpm\/\" \/>\n<meta property=\"og:locale\" content=\"en_US\" \/>\n<meta property=\"og:type\" content=\"article\" \/>\n<meta property=\"og:title\" content=\"The ICPM - Integrated Collaborative Project Management\" \/>\n<meta property=\"og:description\" content=\"Our unique management method to optimize your real estate projects! See how this management service can save you time, money and reduce stress!\" \/>\n<meta property=\"og:url\" content=\"https:\/\/www.avantage-plus.com\/en\/icpm\/\" \/>\n<meta property=\"og:site_name\" content=\"A+\" \/>\n<meta property=\"article:publisher\" content=\"https:\/\/www.facebook.com\/avantageplus\/\" \/>\n<meta property=\"article:modified_time\" content=\"2026-02-05T15:25:14+00:00\" \/>\n<meta name=\"twitter:card\" content=\"summary_large_image\" \/>\n<meta name=\"twitter:label1\" content=\"Est. reading time\" \/>\n\t<meta name=\"twitter:data1\" content=\"2 minutes\" \/>\n<script type=\"application\/ld+json\" class=\"yoast-schema-graph\">{\"@context\":\"https:\\\/\\\/schema.org\",\"@graph\":[{\"@type\":\"WebPage\",\"@id\":\"https:\\\/\\\/www.avantage-plus.com\\\/en\\\/icpm\\\/\",\"url\":\"https:\\\/\\\/www.avantage-plus.com\\\/en\\\/icpm\\\/\",\"name\":\"The ICPM - Integrated Collaborative Project Management\",\"isPartOf\":{\"@id\":\"https:\\\/\\\/www.avantage-plus.com\\\/en\\\/#website\"},\"datePublished\":\"2019-01-02T19:35:22+00:00\",\"dateModified\":\"2026-02-05T15:25:14+00:00\",\"description\":\"Our unique management method to optimize your real estate projects! See how this management service can save you time, money and reduce stress!\",\"breadcrumb\":{\"@id\":\"https:\\\/\\\/www.avantage-plus.com\\\/en\\\/icpm\\\/#breadcrumb\"},\"inLanguage\":\"en-US\",\"potentialAction\":[{\"@type\":\"ReadAction\",\"target\":[\"https:\\\/\\\/www.avantage-plus.com\\\/en\\\/icpm\\\/\"]}]},{\"@type\":\"BreadcrumbList\",\"@id\":\"https:\\\/\\\/www.avantage-plus.com\\\/en\\\/icpm\\\/#breadcrumb\",\"itemListElement\":[{\"@type\":\"ListItem\",\"position\":1,\"name\":\"Home\",\"item\":\"https:\\\/\\\/www.avantage-plus.com\\\/en\\\/\"},{\"@type\":\"ListItem\",\"position\":2,\"name\":\"Integrated Collaborative Project Management (ICPM)\"}]},{\"@type\":\"WebSite\",\"@id\":\"https:\\\/\\\/www.avantage-plus.com\\\/en\\\/#website\",\"url\":\"https:\\\/\\\/www.avantage-plus.com\\\/en\\\/\",\"name\":\"A+\",\"description\":\"Entreprise en construction\",\"potentialAction\":[{\"@type\":\"SearchAction\",\"target\":{\"@type\":\"EntryPoint\",\"urlTemplate\":\"https:\\\/\\\/www.avantage-plus.com\\\/en\\\/?s={search_term_string}\"},\"query-input\":{\"@type\":\"PropertyValueSpecification\",\"valueRequired\":true,\"valueName\":\"search_term_string\"}}],\"inLanguage\":\"en-US\"}]}<\/script>\n<!-- \/ Yoast SEO plugin. -->","yoast_head_json":{"title":"The ICPM - Integrated Collaborative Project Management","description":"Our unique management method to optimize your real estate projects! See how this management service can save you time, money and reduce stress!","robots":{"index":"index","follow":"follow","max-snippet":"max-snippet:-1","max-image-preview":"max-image-preview:large","max-video-preview":"max-video-preview:-1"},"canonical":"https:\/\/www.avantage-plus.com\/en\/icpm\/","og_locale":"en_US","og_type":"article","og_title":"The ICPM - Integrated Collaborative Project Management","og_description":"Our unique management method to optimize your real estate projects! See how this management service can save you time, money and reduce stress!","og_url":"https:\/\/www.avantage-plus.com\/en\/icpm\/","og_site_name":"A+","article_publisher":"https:\/\/www.facebook.com\/avantageplus\/","article_modified_time":"2026-02-05T15:25:14+00:00","twitter_card":"summary_large_image","twitter_misc":{"Est. reading time":"2 minutes"},"schema":{"@context":"https:\/\/schema.org","@graph":[{"@type":"WebPage","@id":"https:\/\/www.avantage-plus.com\/en\/icpm\/","url":"https:\/\/www.avantage-plus.com\/en\/icpm\/","name":"The ICPM - Integrated Collaborative Project Management","isPartOf":{"@id":"https:\/\/www.avantage-plus.com\/en\/#website"},"datePublished":"2019-01-02T19:35:22+00:00","dateModified":"2026-02-05T15:25:14+00:00","description":"Our unique management method to optimize your real estate projects! See how this management service can save you time, money and reduce stress!","breadcrumb":{"@id":"https:\/\/www.avantage-plus.com\/en\/icpm\/#breadcrumb"},"inLanguage":"en-US","potentialAction":[{"@type":"ReadAction","target":["https:\/\/www.avantage-plus.com\/en\/icpm\/"]}]},{"@type":"BreadcrumbList","@id":"https:\/\/www.avantage-plus.com\/en\/icpm\/#breadcrumb","itemListElement":[{"@type":"ListItem","position":1,"name":"Home","item":"https:\/\/www.avantage-plus.com\/en\/"},{"@type":"ListItem","position":2,"name":"Integrated Collaborative Project Management (ICPM)"}]},{"@type":"WebSite","@id":"https:\/\/www.avantage-plus.com\/en\/#website","url":"https:\/\/www.avantage-plus.com\/en\/","name":"A+","description":"Entreprise en construction","potentialAction":[{"@type":"SearchAction","target":{"@type":"EntryPoint","urlTemplate":"https:\/\/www.avantage-plus.com\/en\/?s={search_term_string}"},"query-input":{"@type":"PropertyValueSpecification","valueRequired":true,"valueName":"search_term_string"}}],"inLanguage":"en-US"}]}},"_links":{"self":[{"href":"https:\/\/avantage-plus.com\/en\/wp-json\/wp\/v2\/pages\/47979","targetHints":{"allow":["GET"]}}],"collection":[{"href":"https:\/\/avantage-plus.com\/en\/wp-json\/wp\/v2\/pages"}],"about":[{"href":"https:\/\/avantage-plus.com\/en\/wp-json\/wp\/v2\/types\/page"}],"author":[{"embeddable":true,"href":"https:\/\/avantage-plus.com\/en\/wp-json\/wp\/v2\/users\/14"}],"replies":[{"embeddable":true,"href":"https:\/\/avantage-plus.com\/en\/wp-json\/wp\/v2\/comments?post=47979"}],"version-history":[{"count":3,"href":"https:\/\/avantage-plus.com\/en\/wp-json\/wp\/v2\/pages\/47979\/revisions"}],"predecessor-version":[{"id":79382,"href":"https:\/\/avantage-plus.com\/en\/wp-json\/wp\/v2\/pages\/47979\/revisions\/79382"}],"wp:attachment":[{"href":"https:\/\/avantage-plus.com\/en\/wp-json\/wp\/v2\/media?parent=47979"}],"curies":[{"name":"wp","href":"https:\/\/api.w.org\/{rel}","templated":true}]}}